{"id":18079,"date":"2024-11-16T21:23:50","date_gmt":"2024-11-16T18:23:50","guid":{"rendered":"https:\/\/powerofbuilding.net\/?page_id=18079"},"modified":"2024-11-16T23:23:18","modified_gmt":"2024-11-16T20:23:18","slug":"%d8%a7%d9%84%d8%a3%d8%b9%d9%85%d8%a7%d9%84-%d8%a7%d9%84%d9%86%d9%87%d8%a7%d8%a6%d9%8a%d8%a9-ces","status":"publish","type":"page","link":"https:\/\/powerofbuilding.net\/fr\/%d8%a7%d9%84%d8%a3%d8%b9%d9%85%d8%a7%d9%84-%d8%a7%d9%84%d9%86%d9%87%d8%a7%d8%a6%d9%8a%d8%a9-ces\/","title":{"rendered":"Travaux finaux ces"},"content":{"rendered":"<div data-elementor-type=\"wp-page\" data-elementor-id=\"18079\" class=\"elementor elementor-18079\" data-elementor-post-type=\"page\">\n\t\t\t\t\t\t<section class=\"elementor-section elementor-top-section elementor-element elementor-element-9e5fee0 elementor-section-full_width elementor-section-height-default elementor-section-height-default\" data-id=\"9e5fee0\" data-element_type=\"section\" data-e-type=\"section\">\n\t\t\t\t\t\t<div class=\"elementor-container elementor-column-gap-default\">\n\t\t\t\t\t<div class=\"elementor-column elementor-col-100 elementor-top-column elementor-element elementor-element-9dca088\" data-id=\"9dca088\" data-element_type=\"column\" data-e-type=\"column\">\n\t\t\t<div class=\"elementor-widget-wrap elementor-element-populated\">\n\t\t\t\t\t\t<section class=\"elementor-section elementor-inner-section elementor-element elementor-element-0a45861 elementor-section-boxed elementor-section-height-default elementor-section-height-default\" data-id=\"0a45861\" data-element_type=\"section\" data-e-type=\"section\">\n\t\t\t\t\t\t<div class=\"elementor-container elementor-column-gap-default\">\n\t\t\t\t\t<div class=\"elementor-column elementor-col-100 elementor-inner-column elementor-element elementor-element-823d242\" data-id=\"823d242\" data-element_type=\"column\" data-e-type=\"column\">\n\t\t\t<div class=\"elementor-widget-wrap elementor-element-populated\">\n\t\t\t\t\t\t<div class=\"elementor-element elementor-element-5b918ba elementor-widget elementor-widget-buildnox_hero_title\" data-id=\"5b918ba\" data-element_type=\"widget\" data-e-type=\"widget\" data-widget_type=\"buildnox_hero_title.default\">\n\t\t\t\t<div class=\"elementor-widget-container\">\n\t\t\t\t\t    \r\n        \r\n    <div class=\"build-title-wrap\">\r\n        \t\t\t\r\n\t\t        <div class=\"main____title\">\r\n\t\t\t<h2 class=\"fw_black fs_45 mb_20 te-bn-title buildnox-size-default\"><\/h2>        <\/div>\r\n                \r\n\t\t            \r\n\t\t<p class=\"mb_50 fs_18 te-bn-text\">Notre d\u00e9partement Finitions s'occupe des finitions pour donner aux projets une finition artistique et esth\u00e9tique. Notre \u00e9quipe est compos\u00e9e d'experts sp\u00e9cialis\u00e9s dans les finitions int\u00e9rieures et ext\u00e9rieures, ce qui garantit une finition parfaite des projets en termes de forme et de qualit\u00e9.<\/p>\r\n            <\/div>   \r\n    \r\n    \t\t\t\t<\/div>\n\t\t\t\t<\/div>\n\t\t\t\t<div class=\"elementor-element elementor-element-39f16dc elementor-widget elementor-widget-buildnox_hero_title\" data-id=\"39f16dc\" data-element_type=\"widget\" data-e-type=\"widget\" data-widget_type=\"buildnox_hero_title.default\">\n\t\t\t\t<div class=\"elementor-widget-container\">\n\t\t\t\t\t    \r\n        \r\n    <div class=\"build-title-wrap\">\r\n                <h6 class=\"te-bn-subtitle theme-color ff_sec fw_bold tt_u fs_14 ls_1 mb_15\"><span class=\"te-bn-subtitle_line w_30 h_2 theme-bg mr_10 d_iblock v_middle\"><\/span><\/h6>\r\n\t\t\t\t\t\r\n\t\t        <div class=\"main____title\">\r\n\t\t\t<h2 class=\"fw_black fs_45 mb_20 te-bn-title buildnox-size-default\">Finitions pr\u00e9cises<\/h2>        <\/div>\r\n                \r\n\t\t            \r\n\t\t<p class=\"mb_50 fs_18 te-bn-text\">Nous nous engageons \u00e0 utiliser des mat\u00e9riaux de haute qualit\u00e9, en gardant \u00e0 l'esprit les derni\u00e8res tendances en mati\u00e8re de d\u00e9coration, afin de fournir des designs finis qui r\u00e9pondent aux aspirations de nos clients.\n<\/p>\r\n            <\/div>   \r\n    \r\n    \t\t\t\t<\/div>\n\t\t\t\t<\/div>\n\t\t\t\t<div class=\"elementor-element elementor-element-baab6fb elementor-widget elementor-widget-buildnox_hero_title\" data-id=\"baab6fb\" data-element_type=\"widget\" data-e-type=\"widget\" data-widget_type=\"buildnox_hero_title.default\">\n\t\t\t\t<div class=\"elementor-widget-container\">\n\t\t\t\t\t    \r\n        \r\n    <div class=\"build-title-wrap\">\r\n                <h6 class=\"te-bn-subtitle theme-color ff_sec fw_bold tt_u fs_14 ls_1 mb_15\"><span class=\"te-bn-subtitle_line w_30 h_2 theme-bg mr_10 d_iblock v_middle\"><\/span><\/h6>\r\n\t\t\t\t\t\r\n\t\t        <div class=\"main____title\">\r\n\t\t\t<h2 class=\"fw_black fs_45 mb_20 te-bn-title buildnox-size-default\">Pr\u00e9cision dans l'ex\u00e9cution<\/h2>        <\/div>\r\n                \r\n\t\t            \r\n\t\t<p class=\"mb_50 fs_18 te-bn-text\">Nous prenons en charge toutes les \u00e9tapes de la finition, de la peinture au rev\u00eatement de sol et aux int\u00e9rieurs, afin de garantir le respect des normes les plus \u00e9lev\u00e9es en mati\u00e8re de qualit\u00e9 et d'esth\u00e9tique.<\/p>\r\n            <\/div>   \r\n    \r\n    \t\t\t\t<\/div>\n\t\t\t\t<\/div>\n\t\t\t\t<div class=\"elementor-element elementor-element-e7c104c elementor-widget elementor-widget-buildnox_hero_title\" data-id=\"e7c104c\" data-element_type=\"widget\" data-e-type=\"widget\" data-widget_type=\"buildnox_hero_title.default\">\n\t\t\t\t<div class=\"elementor-widget-container\">\n\t\t\t\t\t    \r\n        \r\n    <div class=\"build-title-wrap\">\r\n                <h6 class=\"te-bn-subtitle theme-color ff_sec fw_bold tt_u fs_14 ls_1 mb_15\"><span class=\"te-bn-subtitle_line w_30 h_2 theme-bg mr_10 d_iblock v_middle\"><\/span><\/h6>\r\n\t\t\t\t\t\r\n\t\t        <div class=\"main____title\">\r\n\t\t\t<h2 class=\"fw_black fs_45 mb_20 te-bn-title buildnox-size-default\">Compatibilit\u00e9 avec le mod\u00e8le original<\/h2>        <\/div>\r\n                \r\n\t\t            \r\n\t\t<p class=\"mb_50 fs_18 te-bn-text\">Nous veillons \u00e0 ce que les finitions finales soient conformes \u00e0 la conception originale, afin de refl\u00e9ter la vision du client et d'obtenir les meilleurs r\u00e9sultats.\n<\/p>\r\n            <\/div>   \r\n    \r\n    \t\t\t\t<\/div>\n\t\t\t\t<\/div>\n\t\t\t\t\t<\/div>\n\t\t<\/div>\n\t\t\t\t\t<\/div>\n\t\t<\/section>\n\t\t\t\t\t<\/div>\n\t\t<\/div>\n\t\t\t\t\t<\/div>\n\t\t<\/section>\n\t\t\t\t<\/div>","protected":false},"excerpt":{"rendered":"<p>\u064a\u064f\u0639\u0646\u0649 \u0642\u0633\u0645 \u0627\u0644\u0623\u0639\u0645\u0627\u0644 \u0627\u0644\u0646\u0647\u0627\u0626\u064a\u0629 \u0628\u0623\u062f\u0642 \u062a\u0641\u0627\u0635\u064a\u0644 \u0627\u0644\u062a\u0634\u0637\u064a\u0628\u0627\u062a \u0644\u0625\u0636\u0641\u0627\u0621 \u0644\u0645\u0633\u0627\u062a \u0641\u0646\u064a\u0629 \u0648\u062c\u0645\u0627\u0644\u064a\u0629 \u0639\u0644\u0649 \u0627\u0644\u0645\u0634\u0627\u0631\u064a\u0639. \u064a\u0636\u0645 \u0641\u0631\u064a\u0642\u0646\u0627 \u0645\u062c\u0645\u0648\u0639\u0629 \u0645\u0646 \u0627\u0644\u062e\u0628\u0631\u0627\u0621 \u0627\u0644\u0645\u062a\u062e\u0635\u0635\u064a\u0646 \u0641\u064a \u0645\u062c\u0627\u0644 \u0627\u0644\u062a\u0634\u0637\u064a\u0628\u0627\u062a \u0627\u0644\u062f\u0627\u062e\u0644\u064a\u0629 \u0648\u0627\u0644\u062e\u0627\u0631\u062c\u064a\u0629\u060c \u0645\u0645\u0627 \u064a\u0636\u0645\u0646 \u062a\u0642\u062f\u064a\u0645 \u0645\u0634\u0627\u0631\u064a\u0639 \u062a\u0627\u0645\u0629 \u0645\u0646 \u062d\u064a\u062b \u0627\u0644\u0634\u0643\u0644 \u0648\u0627\u0644\u062c\u0648\u062f\u0629. \u0627\u0644\u062a\u0634\u0637\u064a\u0628\u0627\u062a \u0627\u0644\u062f\u0642\u064a\u0642\u0629 \u0646\u0644\u062a\u0632\u0645 \u0628\u0627\u0633\u062a\u062e\u062f\u0627\u0645 \u0645\u0648\u0627\u062f \u0639\u0627\u0644\u064a\u0629 \u0627\u0644\u062c\u0648\u062f\u0629\u060c \u0645\u0639 \u0645\u0631\u0627\u0639\u0627\u0629 \u0623\u062d\u062f\u062b \u0627\u062a\u062c\u0627\u0647\u0627\u062a \u0627\u0644\u062f\u064a\u0643\u0648\u0631 \u0644\u062a\u0642\u062f\u064a\u0645 \u062a\u0635\u0645\u064a\u0645\u0627\u062a \u0646\u0647\u0627\u0626\u064a\u0629 \u062a\u0644\u0628\u064a \u062a\u0637\u0644\u0639\u0627\u062a \u0627\u0644\u0639\u0645\u0644\u0627\u0621. \u0627\u0644\u062f\u0642\u0629 \u0641\u064a \u0627\u0644\u062a\u0646\u0641\u064a\u0630 \u0646\u0647\u062a\u0645 [&hellip;]<\/p>","protected":false},"author":1,"featured_media":0,"parent":0,"menu_order":0,"comment_status":"closed","ping_status":"closed","template":"tpl-default-elementor.php","meta":{"footnotes":""},"class_list":["post-18079","page","type-page","status-publish","hentry"],"_hostinger_reach_plugin_has_subscription_block":false,"_hostinger_reach_plugin_is_elementor":false,"_links":{"self":[{"href":"https:\/\/powerofbuilding.net\/fr\/wp-json\/wp\/v2\/pages\/18079","targetHints":{"allow":["GET"]}}],"collection":[{"href":"https:\/\/powerofbuilding.net\/fr\/wp-json\/wp\/v2\/pages"}],"about":[{"href":"https:\/\/powerofbuilding.net\/fr\/wp-json\/wp\/v2\/types\/page"}],"author":[{"embeddable":true,"href":"https:\/\/powerofbuilding.net\/fr\/wp-json\/wp\/v2\/users\/1"}],"replies":[{"embeddable":true,"href":"https:\/\/powerofbuilding.net\/fr\/wp-json\/wp\/v2\/comments?post=18079"}],"version-history":[{"count":4,"href":"https:\/\/powerofbuilding.net\/fr\/wp-json\/wp\/v2\/pages\/18079\/revisions"}],"predecessor-version":[{"id":18083,"href":"https:\/\/powerofbuilding.net\/fr\/wp-json\/wp\/v2\/pages\/18079\/revisions\/18083"}],"wp:attachment":[{"href":"https:\/\/powerofbuilding.net\/fr\/wp-json\/wp\/v2\/media?parent=18079"}],"curies":[{"name":"wp","href":"https:\/\/api.w.org\/{rel}","templated":true}]}}