{"id":18071,"date":"2024-11-16T21:19:36","date_gmt":"2024-11-16T18:19:36","guid":{"rendered":"https:\/\/powerofbuilding.net\/?page_id=18071"},"modified":"2024-11-16T23:22:52","modified_gmt":"2024-11-16T20:22:52","slug":"%d8%a8%d9%86%d8%a7%d8%a1-%d8%a7%d9%84%d9%87%d9%8a%d8%a7%d9%83%d9%84-%d8%a7%d9%84%d8%ae%d8%b1%d8%b3%d8%a7%d9%86%d8%a9","status":"publish","type":"page","link":"https:\/\/powerofbuilding.net\/fr\/%d8%a8%d9%86%d8%a7%d8%a1-%d8%a7%d9%84%d9%87%d9%8a%d8%a7%d9%83%d9%84-%d8%a7%d9%84%d8%ae%d8%b1%d8%b3%d8%a7%d9%86%d8%a9\/","title":{"rendered":"Construction de structures en b\u00e9ton"},"content":{"rendered":"<div data-elementor-type=\"wp-page\" data-elementor-id=\"18071\" class=\"elementor elementor-18071\" data-elementor-post-type=\"page\">\n\t\t\t\t\t\t<section class=\"elementor-section elementor-top-section elementor-element elementor-element-44fadc2 elementor-section-full_width elementor-section-height-default elementor-section-height-default\" data-id=\"44fadc2\" data-element_type=\"section\" data-e-type=\"section\">\n\t\t\t\t\t\t<div class=\"elementor-container elementor-column-gap-default\">\n\t\t\t\t\t<div class=\"elementor-column elementor-col-100 elementor-top-column elementor-element elementor-element-5f6a085\" data-id=\"5f6a085\" data-element_type=\"column\" data-e-type=\"column\">\n\t\t\t<div class=\"elementor-widget-wrap elementor-element-populated\">\n\t\t\t\t\t\t<section class=\"elementor-section elementor-inner-section elementor-element elementor-element-e6b53ff elementor-section-boxed elementor-section-height-default elementor-section-height-default\" data-id=\"e6b53ff\" data-element_type=\"section\" data-e-type=\"section\">\n\t\t\t\t\t\t<div class=\"elementor-container elementor-column-gap-default\">\n\t\t\t\t\t<div class=\"elementor-column elementor-col-100 elementor-inner-column elementor-element elementor-element-b55a4a6\" data-id=\"b55a4a6\" data-element_type=\"column\" data-e-type=\"column\">\n\t\t\t<div class=\"elementor-widget-wrap elementor-element-populated\">\n\t\t\t\t\t\t<div class=\"elementor-element elementor-element-74c3fbc elementor-widget elementor-widget-buildnox_hero_title\" data-id=\"74c3fbc\" data-element_type=\"widget\" data-e-type=\"widget\" data-widget_type=\"buildnox_hero_title.default\">\n\t\t\t\t<div class=\"elementor-widget-container\">\n\t\t\t\t\t    \r\n        \r\n    <div class=\"build-title-wrap\">\r\n        \t\t\t\r\n\t\t        <div class=\"main____title\">\r\n\t\t\t<h2 class=\"fw_black fs_45 mb_20 te-bn-title buildnox-size-default\"><\/h2>        <\/div>\r\n                \r\n\t\t            \r\n\t\t<p class=\"mb_50 fs_18 te-bn-text\">Dans cette division, nous nous concentrons sur l'ex\u00e9cution de projets de grande envergure comprenant des immeubles r\u00e9sidentiels, des complexes commerciaux et des installations industrielles en phase de structuration. Notre \u00e9quipe sp\u00e9cialis\u00e9e veille \u00e0 ce que ces projets soient ex\u00e9cut\u00e9s avec pr\u00e9cision et professionnalisme, tout en respectant les normes de s\u00e9curit\u00e9 et de qualit\u00e9 les plus \u00e9lev\u00e9es.<\/p>\r\n            <\/div>   \r\n    \r\n    \t\t\t\t<\/div>\n\t\t\t\t<\/div>\n\t\t\t\t<div class=\"elementor-element elementor-element-2e36c68 elementor-widget elementor-widget-buildnox_hero_title\" data-id=\"2e36c68\" data-element_type=\"widget\" data-e-type=\"widget\" data-widget_type=\"buildnox_hero_title.default\">\n\t\t\t\t<div class=\"elementor-widget-container\">\n\t\t\t\t\t    \r\n        \r\n    <div class=\"build-title-wrap\">\r\n                <h6 class=\"te-bn-subtitle theme-color ff_sec fw_bold tt_u fs_14 ls_1 mb_15\"><span class=\"te-bn-subtitle_line w_30 h_2 theme-bg mr_10 d_iblock v_middle\"><\/span><\/h6>\r\n\t\t\t\t\t\r\n\t\t        <div class=\"main____title\">\r\n\t\t\t<h2 class=\"fw_black fs_45 mb_20 te-bn-title buildnox-size-default\">Strat\u00e9gies de construction avanc\u00e9es<\/h2>        <\/div>\r\n                \r\n\t\t            \r\n\t\t<p class=\"mb_50 fs_18 te-bn-text\">Chez Power of Building, nous suivons des m\u00e9thodes de construction modernes qui s'appuient sur des technologies de pointe pour garantir la pr\u00e9cision et la rapidit\u00e9 d'ex\u00e9cution.<\/p>\r\n            <\/div>   \r\n    \r\n    \t\t\t\t<\/div>\n\t\t\t\t<\/div>\n\t\t\t\t<div class=\"elementor-element elementor-element-4b04da7 elementor-widget elementor-widget-buildnox_hero_title\" data-id=\"4b04da7\" data-element_type=\"widget\" data-e-type=\"widget\" data-widget_type=\"buildnox_hero_title.default\">\n\t\t\t\t<div class=\"elementor-widget-container\">\n\t\t\t\t\t    \r\n        \r\n    <div class=\"build-title-wrap\">\r\n                <h6 class=\"te-bn-subtitle theme-color ff_sec fw_bold tt_u fs_14 ls_1 mb_15\"><span class=\"te-bn-subtitle_line w_30 h_2 theme-bg mr_10 d_iblock v_middle\"><\/span><\/h6>\r\n\t\t\t\t\t\r\n\t\t        <div class=\"main____title\">\r\n\t\t\t<h2 class=\"fw_black fs_45 mb_20 te-bn-title buildnox-size-default\">Conception innovante<\/h2>        <\/div>\r\n                \r\n\t\t            \r\n\t\t<p class=\"mb_50 fs_18 te-bn-text\">Chaque projet sur lequel nous travaillons est con\u00e7u de mani\u00e8re innovante afin de garantir une utilisation optimale de l'espace et d'offrir un environnement pratique et confortable aux utilisateurs finaux.<\/p>\r\n            <\/div>   \r\n    \r\n    \t\t\t\t<\/div>\n\t\t\t\t<\/div>\n\t\t\t\t<div class=\"elementor-element elementor-element-57a2954 elementor-widget elementor-widget-buildnox_hero_title\" data-id=\"57a2954\" data-element_type=\"widget\" data-e-type=\"widget\" data-widget_type=\"buildnox_hero_title.default\">\n\t\t\t\t<div class=\"elementor-widget-container\">\n\t\t\t\t\t    \r\n        \r\n    <div class=\"build-title-wrap\">\r\n                <h6 class=\"te-bn-subtitle theme-color ff_sec fw_bold tt_u fs_14 ls_1 mb_15\"><span class=\"te-bn-subtitle_line w_30 h_2 theme-bg mr_10 d_iblock v_middle\"><\/span><\/h6>\r\n\t\t\t\t\t\r\n\t\t        <div class=\"main____title\">\r\n\t\t\t<h2 class=\"fw_black fs_45 mb_20 te-bn-title buildnox-size-default\">Garanties de qualit\u00e9<\/h2>        <\/div>\r\n                \r\n\t\t            \r\n\t\t<p class=\"mb_50 fs_18 te-bn-text\">Nous offrons des garanties compl\u00e8tes \u00e0 chaque \u00e9tape de la construction, en respectant les normes internationales et en assurant la satisfaction du client.<\/p>\r\n            <\/div>   \r\n    \r\n    \t\t\t\t<\/div>\n\t\t\t\t<\/div>\n\t\t\t\t\t<\/div>\n\t\t<\/div>\n\t\t\t\t\t<\/div>\n\t\t<\/section>\n\t\t\t\t\t<\/div>\n\t\t<\/div>\n\t\t\t\t\t<\/div>\n\t\t<\/section>\n\t\t\t\t<\/div>","protected":false},"excerpt":{"rendered":"<p>\u0641\u064a \u0647\u0630\u0627 \u0627\u0644\u0642\u0633\u0645\u060c \u0646\u0631\u0643\u0632 \u0639\u0644\u0649 \u062a\u0646\u0641\u064a\u0630 \u0627\u0644\u0645\u0634\u0627\u0631\u064a\u0639 \u0627\u0644\u0643\u0628\u064a\u0631\u0629 \u0627\u0644\u062a\u064a \u062a\u0634\u0645\u0644 \u0627\u0644\u0623\u0628\u0646\u064a\u0629 \u0627\u0644\u0633\u0643\u0646\u064a\u0629 \u0648\u0627\u0644\u0645\u062c\u0645\u0639\u0627\u062a \u0627\u0644\u062a\u062c\u0627\u0631\u064a\u0629 \u0648\u0627\u0644\u0645\u0631\u0627\u0641\u0642 \u0627\u0644\u0635\u0646\u0627\u0639\u064a\u0629 \u0641\u064a \u0645\u0631\u062d\u0644\u0629 \u0627\u0644\u0647\u064a\u0643\u0644\u0629. \u0641\u0631\u064a\u0642\u0646\u0627 \u0627\u0644\u0645\u062a\u062e\u0635\u0635 \u064a\u0639\u0645\u0644 \u0639\u0644\u0649 \u0636\u0645\u0627\u0646 \u062a\u0646\u0641\u064a\u0630 \u0647\u0630\u0647 \u0627\u0644\u0645\u0634\u0627\u0631\u064a\u0639 \u0628\u062f\u0642\u0629 \u0648\u0627\u062d\u062a\u0631\u0627\u0641\u064a\u0629 \u0639\u0627\u0644\u064a\u0629\u060c \u0645\u0639 \u0627\u0644\u0627\u0644\u062a\u0632\u0627\u0645 \u0628\u0623\u0639\u0644\u0649 \u0645\u0639\u0627\u064a\u064a\u0631 \u0627\u0644\u0623\u0645\u0627\u0646 \u0648\u0627\u0644\u062c\u0648\u062f\u0629. \u0627\u0633\u062a\u0631\u0627\u062a\u064a\u062c\u064a\u0627\u062a \u0627\u0644\u0628\u0646\u0627\u0621 \u0627\u0644\u0645\u062a\u0637\u0648\u0631\u0629 \u0646\u062a\u0628\u0639 \u0641\u064a Power of Building \u0623\u0633\u0627\u0644\u064a\u0628 \u0627\u0644\u0628\u0646\u0627\u0621 \u0627\u0644\u062d\u062f\u064a\u062b\u0629 \u0627\u0644\u062a\u064a \u062a\u0639\u062a\u0645\u062f \u0639\u0644\u0649 \u062a\u0642\u0646\u064a\u0627\u062a \u0645\u062a\u0642\u062f\u0645\u0629 \u0644\u0636\u0645\u0627\u0646 \u062f\u0642\u0629 \u0648\u0633\u0631\u0639\u0629 [&hellip;]<\/p>","protected":false},"author":1,"featured_media":0,"parent":0,"menu_order":0,"comment_status":"closed","ping_status":"closed","template":"tpl-default-elementor.php","meta":{"footnotes":""},"class_list":["post-18071","page","type-page","status-publish","hentry"],"_hostinger_reach_plugin_has_subscription_block":false,"_hostinger_reach_plugin_is_elementor":false,"_links":{"self":[{"href":"https:\/\/powerofbuilding.net\/fr\/wp-json\/wp\/v2\/pages\/18071","targetHints":{"allow":["GET"]}}],"collection":[{"href":"https:\/\/powerofbuilding.net\/fr\/wp-json\/wp\/v2\/pages"}],"about":[{"href":"https:\/\/powerofbuilding.net\/fr\/wp-json\/wp\/v2\/types\/page"}],"author":[{"embeddable":true,"href":"https:\/\/powerofbuilding.net\/fr\/wp-json\/wp\/v2\/users\/1"}],"replies":[{"embeddable":true,"href":"https:\/\/powerofbuilding.net\/fr\/wp-json\/wp\/v2\/comments?post=18071"}],"version-history":[{"count":7,"href":"https:\/\/powerofbuilding.net\/fr\/wp-json\/wp\/v2\/pages\/18071\/revisions"}],"predecessor-version":[{"id":18078,"href":"https:\/\/powerofbuilding.net\/fr\/wp-json\/wp\/v2\/pages\/18071\/revisions\/18078"}],"wp:attachment":[{"href":"https:\/\/powerofbuilding.net\/fr\/wp-json\/wp\/v2\/media?parent=18071"}],"curies":[{"name":"wp","href":"https:\/\/api.w.org\/{rel}","templated":true}]}}