{"id":17518,"date":"2024-11-13T17:18:32","date_gmt":"2024-11-13T14:18:32","guid":{"rendered":"https:\/\/powerofbuilding.net\/?page_id=17518"},"modified":"2024-11-30T19:21:02","modified_gmt":"2024-11-30T16:21:02","slug":"%d8%aa%d9%88%d8%a7%d8%b5%d9%84-%d9%85%d8%b9%d9%86%d8%a7","status":"publish","type":"page","link":"https:\/\/powerofbuilding.net\/fr\/%d8%aa%d9%88%d8%a7%d8%b5%d9%84-%d9%85%d8%b9%d9%86%d8%a7\/","title":{"rendered":"Contactez nous"},"content":{"rendered":"<div data-elementor-type=\"wp-page\" data-elementor-id=\"17518\" class=\"elementor elementor-17518\" data-elementor-post-type=\"page\">\n\t\t\t\t<div class=\"elementor-element elementor-element-b876e39 e-flex e-con-boxed e-con e-parent\" data-id=\"b876e39\" data-element_type=\"container\" data-e-type=\"container\">\n\t\t\t\t\t<div class=\"e-con-inner\">\n\t\t<div class=\"elementor-element elementor-element-a65820b e-con-full e-flex e-con e-child\" data-id=\"a65820b\" data-element_type=\"container\" data-e-type=\"container\">\n\t\t\t\t<div class=\"elementor-element elementor-element-5f92ade elementor-widget elementor-widget-buildnox_hero_title\" data-id=\"5f92ade\" data-element_type=\"widget\" data-e-type=\"widget\" data-widget_type=\"buildnox_hero_title.default\">\n\t\t\t\t<div class=\"elementor-widget-container\">\n\t\t\t\t\t    \r\n        \r\n    <div class=\"build-title-wrap\">\r\n                <h6 class=\"te-bn-subtitle theme-color ff_sec fw_bold tt_u fs_14 ls_1 mb_15\"><span class=\"te-bn-subtitle_line w_30 h_2 theme-bg mr_10 d_iblock v_middle\"><\/span><\/h6>\r\n\t\t\t\t\t\r\n\t\t        <div class=\"main____title\">\r\n\t\t\t<h2 class=\"fw_black fs_45 mb_20 te-bn-title buildnox-size-default\">Suivez-nous et connectons-nous<\/h2>        <\/div>\r\n                \r\n\t\t            \r\n\t\t<p class=\"mb_50 fs_18 te-bn-text\"> Nous vous encourageons \u00e0 nous contacter pour toute question ou commentaire, car votre contribution nous aide \u00e0 mieux vous servir. Restez en contact et r\u00e9alisons de grandes choses ensemble.<\/p>\r\n            <\/div>   \r\n    \r\n    \t\t\t\t<\/div>\n\t\t\t\t<\/div>\n\t\t\t\t<div class=\"elementor-element elementor-element-9c6ea36 elementor-position-inline-start elementor-mobile-position-inline-start elementor-view-default elementor-widget elementor-widget-icon-box\" data-id=\"9c6ea36\" data-element_type=\"widget\" data-e-type=\"widget\" data-widget_type=\"icon-box.default\">\n\t\t\t\t<div class=\"elementor-widget-container\">\n\t\t\t\t\t\t\t<div class=\"elementor-icon-box-wrapper\">\n\n\t\t\t\t\t\t<div class=\"elementor-icon-box-icon\">\n\t\t\t\t<span  class=\"elementor-icon\">\n\t\t\t\t<svg xmlns=\"http:\/\/www.w3.org\/2000\/svg\" xmlns:xlink=\"http:\/\/www.w3.org\/1999\/xlink\" viewbox=\"0,0,256,256\" width=\"192px\" height=\"192px\" fill-rule=\"nonzero\"><g fill=\"#ff0000\" fill-rule=\"nonzero\" stroke=\"none\" stroke-width=\"1\" stroke-linecap=\"butt\" stroke-linejoin=\"miter\" stroke-miterlimit=\"10\" stroke-dasharray=\"\" stroke-dashoffset=\"0\" font-family=\"none\" font-weight=\"none\" font-size=\"none\" text-anchor=\"none\" style=\"mix-blend-mode: normal\"><g transform=\"scale(10.66667,10.66667)\"><path d=\"M12,2.00977c-3.856,0 -6.99219,3.13814 -6.99219,6.99414c0,4.483 5.9667,11.76527 6.2207,12.07227l0.77148,0.93555l0.77148,-0.93555c0.254,-0.308 6.2207,-7.58927 6.2207,-12.07227c0,-3.857 -3.13619,-6.99414 -6.99219,-6.99414zM12,4.00977c2.753,0 4.99219,2.24114 4.99219,4.99414c0,2.705 -3.11419,7.35727 -4.99219,9.82227c-1.878,-2.463 -4.99219,-7.11327 -4.99219,-9.82227c0,-2.753 2.23919,-4.99414 4.99219,-4.99414zM12,6.5c-1.381,0 -2.5,1.119 -2.5,2.5c0,1.381 1.119,2.5 2.5,2.5c1.381,0 2.5,-1.119 2.5,-2.5c0,-1.381 -1.119,-2.5 -2.5,-2.5z\"><\/path><\/g><\/g><\/svg>\t\t\t\t<\/span>\n\t\t\t<\/div>\n\t\t\t\n\t\t\t\t\t\t<div class=\"elementor-icon-box-content\">\n\n\t\t\t\t\t\t\t\t\t<h3 class=\"elementor-icon-box-title\">\n\t\t\t\t\t\t<span  >\n\t\t\t\t\t\t\tAdress\t\t\t\t\t\t<\/span>\n\t\t\t\t\t<\/h3>\n\t\t\t\t\n\t\t\t\t\t\t\t\t\t<p class=\"elementor-icon-box-description\">\n\t\t\t\t\t\tRUE CHERCHALI BOUALEM ILOT N\u00b0118 SECTION 45 BOUFARIK BLIDA\t\t\t\t\t<\/p>\n\t\t\t\t\n\t\t\t<\/div>\n\t\t\t\n\t\t<\/div>\n\t\t\t\t\t\t<\/div>\n\t\t\t\t<\/div>\n\t\t\t\t<div class=\"elementor-element elementor-element-a59e07a elementor-position-inline-start elementor-mobile-position-inline-start elementor-view-default elementor-widget elementor-widget-icon-box\" data-id=\"a59e07a\" data-element_type=\"widget\" data-e-type=\"widget\" data-widget_type=\"icon-box.default\">\n\t\t\t\t<div class=\"elementor-widget-container\">\n\t\t\t\t\t\t\t<div class=\"elementor-icon-box-wrapper\">\n\n\t\t\t\t\t\t<div class=\"elementor-icon-box-icon\">\n\t\t\t\t<span  class=\"elementor-icon\">\n\t\t\t\t<svg xmlns=\"http:\/\/www.w3.org\/2000\/svg\" xmlns:xlink=\"http:\/\/www.w3.org\/1999\/xlink\" viewbox=\"0,0,256,256\" width=\"192px\" height=\"192px\" fill-rule=\"nonzero\"><g fill=\"#ff0000\" fill-rule=\"nonzero\" stroke=\"none\" stroke-width=\"1\" stroke-linecap=\"butt\" stroke-linejoin=\"miter\" stroke-miterlimit=\"10\" stroke-dasharray=\"\" stroke-dashoffset=\"0\" font-family=\"none\" font-weight=\"none\" font-size=\"none\" text-anchor=\"none\" style=\"mix-blend-mode: normal\"><g transform=\"scale(10.66667,10.66667)\"><path d=\"M19,20.5v-17c0,-1.38 -1.12,-2.5 -2.5,-2.5h-9c-1.38,0 -2.5,1.12 -2.5,2.5v17c0,1.38 1.12,2.5 2.5,2.5h9c1.38,0 2.5,-1.12 2.5,-2.5zM17,21h-10v-18h1.625l0.724,1.447c0.169,0.339 0.515,0.553 0.894,0.553h3.472c0.379,0 0.725,-0.214 0.894,-0.553l0.724,-1.447h1.667z\"><\/path><\/g><\/g><\/svg>\t\t\t\t<\/span>\n\t\t\t<\/div>\n\t\t\t\n\t\t\t\t\t\t<div class=\"elementor-icon-box-content\">\n\n\t\t\t\t\t\t\t\t\t<h3 class=\"elementor-icon-box-title\">\n\t\t\t\t\t\t<span  >\n\t\t\t\t\t\t\tNum\u00e9ros de t\u00e9l\u00e9phone\t\t\t\t\t\t<\/span>\n\t\t\t\t\t<\/h3>\n\t\t\t\t\n\t\t\t\t\t\t\t\t\t<p class=\"elementor-icon-box-description\">\n\t\t\t\t\t\t0552715100| 0797643948| 0550372157 | 0557720987\t\t\t\t\t<\/p>\n\t\t\t\t\n\t\t\t<\/div>\n\t\t\t\n\t\t<\/div>\n\t\t\t\t\t\t<\/div>\n\t\t\t\t<\/div>\n\t\t\t\t<div class=\"elementor-element elementor-element-3674eb8 elementor-position-inline-start elementor-mobile-position-inline-start elementor-view-default elementor-widget elementor-widget-icon-box\" data-id=\"3674eb8\" data-element_type=\"widget\" data-e-type=\"widget\" data-widget_type=\"icon-box.default\">\n\t\t\t\t<div class=\"elementor-widget-container\">\n\t\t\t\t\t\t\t<div class=\"elementor-icon-box-wrapper\">\n\n\t\t\t\t\t\t<div class=\"elementor-icon-box-icon\">\n\t\t\t\t<span  class=\"elementor-icon\">\n\t\t\t\t<svg xmlns=\"http:\/\/www.w3.org\/2000\/svg\" xmlns:xlink=\"http:\/\/www.w3.org\/1999\/xlink\" viewbox=\"0,0,256,256\" width=\"192px\" height=\"192px\" fill-rule=\"nonzero\"><g fill=\"#ff0000\" fill-rule=\"nonzero\" stroke=\"none\" stroke-width=\"1\" stroke-linecap=\"butt\" stroke-linejoin=\"miter\" stroke-miterlimit=\"10\" stroke-dasharray=\"\" stroke-dashoffset=\"0\" font-family=\"none\" font-weight=\"none\" font-size=\"none\" text-anchor=\"none\" style=\"mix-blend-mode: normal\"><g transform=\"scale(10.66667,10.66667)\"><path d=\"M4,4c-1.105,0 -2,0.895 -2,2v1.73242l1,0.62695l1,0.62695l8,5.01367l8,-4.98047l1,-0.62305l1,-0.62109v-1.77539c0,-1.105 -0.895,-2 -2,-2zM4,6h16v0.76953l-8,4.97852l-8,-5.01367zM2,10.0918v7.9082c0,1.105 0.895,2 2,2h16c1.105,0 2,-0.895 2,-2v-7.86914l-2,1.24414v6.625h-16v-6.6543z\"><\/path><\/g><\/g><\/svg>\t\t\t\t<\/span>\n\t\t\t<\/div>\n\t\t\t\n\t\t\t\t\t\t<div class=\"elementor-icon-box-content\">\n\n\t\t\t\t\t\t\t\t\t<h3 class=\"elementor-icon-box-title\">\n\t\t\t\t\t\t<span  >\n\t\t\t\t\t\t\temail\t\t\t\t\t\t<\/span>\n\t\t\t\t\t<\/h3>\n\t\t\t\t\n\t\t\t\t\t\t\t\t\t<p class=\"elementor-icon-box-description\">\n\t\t\t\t\t\tcontact@powerofbuilding.net\t\t\t\t\t<\/p>\n\t\t\t\t\n\t\t\t<\/div>\n\t\t\t\n\t\t<\/div>\n\t\t\t\t\t\t<\/div>\n\t\t\t\t<\/div>\n\t\t\t\t<\/div>\n\t\t<div class=\"elementor-element elementor-element-3684105 e-con-full e-flex e-con e-child\" data-id=\"3684105\" data-element_type=\"container\" data-e-type=\"container\">\n\t\t\t\t<div class=\"elementor-element elementor-element-8bdbd78 elementor-widget elementor-widget-shortcode\" data-id=\"8bdbd78\" data-element_type=\"widget\" data-e-type=\"widget\" data-widget_type=\"shortcode.default\">\n\t\t\t\t<div class=\"elementor-widget-container\">\n\t\t\t\t\t\t\t<div class=\"elementor-shortcode\"><div class=\"forminator-ui forminator-custom-form forminator-custom-form-17853 forminator-design--flat  forminator_ajax\" data-forminator-render=\"0\" data-form=\"forminator-module-17853\" data-uid=\"69f4845d48781\"><br\/><\/div><form\n\t\t\t\tid=\"forminator-module-17853\"\n\t\t\t\tclass=\"forminator-ui forminator-custom-form forminator-custom-form-17853 forminator-design--flat  forminator_ajax\"\n\t\t\t\tmethod=\"post\"\n\t\t\t\tdata-forminator-render=\"0\"\n\t\t\t\tdata-form-id=\"17853\"\n\t\t\t\t data-color-option=\"default\" data-design=\"flat\" data-grid=\"open\" style=\"display: none;\"\n\t\t\t\tdata-uid=\"69f4845d48781\" action=\"\"\n\t\t\t><div role=\"alert\" aria-live=\"polite\" class=\"forminator-response-message forminator-error\" aria-hidden=\"true\"><\/div><div class=\"forminator-row\"><div id=\"name-1\" class=\"forminator-field-name forminator-col forminator-col-12\"><div class=\"forminator-field\"><label for=\"forminator-field-name-1_69f4845d48781\" id=\"forminator-field-name-1_69f4845d48781-label\" class=\"forminator-label\">Nom complet <span class=\"forminator-required\">*<\/span><\/label><input type=\"text\" name=\"name-1\" value=\"\" placeholder=\"\" id=\"forminator-field-name-1_69f4845d48781\" class=\"forminator-input forminator-name--field\" aria-required=\"true\" autocomplete=\"name\" \/><\/div><\/div><\/div><div class=\"forminator-row\"><div id=\"phone-1\" class=\"forminator-field-phone forminator-col forminator-col-12\"><div class=\"forminator-field\"><label for=\"forminator-field-phone-1_69f4845d48781\" id=\"forminator-field-phone-1_69f4845d48781-label\" class=\"forminator-label\">Num\u00e9ros de t\u00e9l\u00e9phone <span class=\"forminator-required\">*<\/span><\/label><input type=\"text\" name=\"phone-1\" value=\"\" placeholder=\"exp 05xxxxxxx\" id=\"forminator-field-phone-1_69f4845d48781\" class=\"forminator-input forminator-field--phone\" data-required=\"1\" aria-required=\"true\" autocomplete=\"off\" data-national_mode=\"enabled\" data-country=\"dz\" data-validation=\"standard\" \/><\/div><\/div><\/div><div class=\"forminator-row\"><div id=\"textarea-1\" class=\"forminator-field-textarea forminator-col forminator-col-12\"><div class=\"forminator-field\"><label for=\"forminator-field-textarea-1_69f4845d48781\" id=\"forminator-field-textarea-1_69f4845d48781-label\" class=\"forminator-label\">Message<\/label><textarea name=\"textarea-1\" placeholder=\"\u0627\" id=\"forminator-field-textarea-1_69f4845d48781\" class=\"forminator-textarea\" rows=\"6\" style=\"--forminator-textarea-min-height:140px;\" maxlength=\"180\" ><\/textarea><span id=\"forminator-field-textarea-1_69f4845d48781-description\" class=\"forminator-description\"><span data-limit=\"180\" data-type=\"characters\" data-editor=\"\">0 \/ 180<\/span><\/span><\/div><\/div><\/div><input type=\"hidden\" name=\"referer_url\" value=\"\" \/><div class=\"forminator-row forminator-row-last\"><div class=\"forminator-col\"><div class=\"forminator-field\"><button class=\"forminator-button forminator-button-submit\">Envoyer<\/button><\/div><\/div><\/div><input type=\"hidden\" id=\"forminator_nonce\" name=\"forminator_nonce\" value=\"aa682027f6\" \/><input type=\"hidden\" name=\"_wp_http_referer\" value=\"\/fr\/wp-json\/wp\/v2\/pages\/17518\" \/><input type=\"hidden\" name=\"form_id\" value=\"17853\"><input type=\"hidden\" name=\"page_id\" value=\"17518\"><input type=\"hidden\" name=\"form_type\" value=\"default\"><input type=\"hidden\" name=\"current_url\" value=\"https:\/\/powerofbuilding.net\/fr\/%d8%aa%d9%88%d8%a7%d8%b5%d9%84-%d9%85%d8%b9%d9%86%d8%a7\/\"><input type=\"hidden\" name=\"render_id\" value=\"0\"><input type=\"hidden\" name=\"action\" value=\"forminator_submit_form_custom-forms\"><input type=\"hidden\" name=\"trp-form-language\" value=\"fr\"\/><\/form><\/div>\n\t\t\t\t\t\t<\/div>\n\t\t\t\t<\/div>\n\t\t\t\t<\/div>\n\t\t\t\t\t<\/div>\n\t\t\t\t<\/div>\n\t\t<div class=\"elementor-element elementor-element-4d73001 e-flex e-con-boxed e-con e-parent\" data-id=\"4d73001\" data-element_type=\"container\" data-e-type=\"container\">\n\t\t\t\t\t<div class=\"e-con-inner\">\n\t\t\t\t<div class=\"elementor-element elementor-element-facb657 elementor-widget elementor-widget-buildnox_hero_title\" data-id=\"facb657\" data-element_type=\"widget\" data-e-type=\"widget\" data-widget_type=\"buildnox_hero_title.default\">\n\t\t\t\t<div class=\"elementor-widget-container\">\n\t\t\t\t\t    \r\n        \r\n    <div class=\"build-title-wrap\">\r\n                <h6 class=\"te-bn-subtitle theme-color ff_sec fw_bold tt_u fs_14 ls_1 mb_15\"><span class=\"te-bn-subtitle_line w_30 h_2 theme-bg mr_10 d_iblock v_middle\"><\/span><\/h6>\r\n\t\t\t\t\t\r\n\t\t        <div class=\"main____title\">\r\n\t\t\t<h2 class=\"fw_black fs_45 mb_20 te-bn-title buildnox-size-default\">Cliquez sur la carte pour savoir o\u00f9 nous sommes situ\u00e9s<\/h2>        <\/div>\r\n                \r\n\t\t            \r\n\t\t<p class=\"mb_50 fs_18 te-bn-text\"><\/p>\r\n            <\/div>   \r\n    \r\n    \t\t\t\t<\/div>\n\t\t\t\t<\/div>\n\t\t\t\t\t<\/div>\n\t\t\t\t<\/div>\n\t\t<div class=\"elementor-element elementor-element-51fe3dd e-con-full e-flex e-con e-parent\" data-id=\"51fe3dd\" data-element_type=\"container\" data-e-type=\"container\">\n\t\t\t\t<div class=\"elementor-element elementor-element-bb542e3 elementor-widget elementor-widget-google_maps\" data-id=\"bb542e3\" data-element_type=\"widget\" data-e-type=\"widget\" data-widget_type=\"google_maps.default\">\n\t\t\t\t<div class=\"elementor-widget-container\">\n\t\t\t\t\t\t\t<div class=\"elementor-custom-embed\">\n\t\t\t<iframe loading=\"lazy\"\n\t\t\t\t\tsrc=\"https:\/\/maps.google.com\/maps?q=36.570604%2C%202.909047&#038;t=m&#038;z=13&#038;output=embed&#038;iwloc=near\"\n\t\t\t\t\ttitle=\"36.570604, 2.909047\"\n\t\t\t\t\taria-label=\"36.570604, 2.909047\"\n\t\t\t><\/iframe>\n\t\t<\/div>\n\t\t\t\t\t\t<\/div>\n\t\t\t\t<\/div>\n\t\t\t\t<\/div>\n\t\t\t\t<\/div>","protected":false},"excerpt":{"rendered":"<p>\u062a\u0627\u0628\u0639\u0646\u0627 \u0648\u062f\u0639\u0646\u0627 \u0646\u062a\u0648\u0627\u0635\u0644 \u0645\u0639\u0627 \u0646\u0634\u062c\u0639\u0643\u0645 \u0639\u0644\u0649 \u0627\u0644\u062a\u0648\u0627\u0635\u0644 \u0645\u0639\u0646\u0627 \u0644\u0623\u064a \u0627\u0633\u062a\u0641\u0633\u0627\u0631\u0627\u062a \u0623\u0648 \u0645\u0644\u0627\u062d\u0638\u0627\u062a\u060c \u062d\u064a\u062b \u0623\u0646 \u0645\u062f\u062e\u0644\u0627\u062a\u0643\u0645 \u062a\u0633\u0627\u0639\u062f\u0646\u0627 \u0641\u064a \u062e\u062f\u0645\u062a\u0643\u0645 \u0628\u0634\u0643\u0644 \u0623\u0641\u0636\u0644. \u0627\u0628\u0642\u0648\u0627 \u0639\u0644\u0649 \u062a\u0648\u0627\u0635\u0644 \u0645\u0639\u0646\u0627\u060c \u0648\u062f\u0639\u0648\u0646\u0627 \u0646\u062d\u0642\u0642 \u0623\u0634\u064a\u0627\u0621 \u0639\u0638\u064a\u0645\u0629 \u0645\u0639\u064b\u0627. \u0627\u0644\u0639\u0646\u0648\u0627\u0646 \u0634\u0627\u0631\u0639 \u0634\u0631\u0634\u0627\u0644\u064a \u0628\u0648\u0639\u0644\u0627\u0645 \u0627\u064a\u0644\u0648\u0637 \u0631\u0642\u0645 118 \u0627\u0644\u0642\u0633\u0645 45 \u0628\u0648\u0641\u0627\u0631\u064a\u0643 \u0627\u0644\u0628\u0644\u064a\u062f\u0629 \u0627\u0631\u0642\u0627\u0645 \u0627\u0644\u0647\u0627\u062a\u0641 0552715100| 0797643948| 0550372157 | 0557720987 \u0627\u0644\u0628\u0631\u064a\u062f \u0627\u0644\u0627\u0644\u0643\u062a\u0631\u0648\u0646\u064a contact@powerofbuilding.net \u0625\u0638\u063a\u0637 \u0639\u0644\u0649 \u0627\u0644\u062e\u0631\u064a\u0637\u0629 \u0644\u0645\u0639\u0631\u0641\u0629 \u0645\u0642\u0631\u0646\u0627<\/p>","protected":false},"author":1,"featured_media":0,"parent":0,"menu_order":0,"comment_status":"closed","ping_status":"closed","template":"tpl-default-elementor.php","meta":{"footnotes":""},"class_list":["post-17518","page","type-page","status-publish","hentry"],"_hostinger_reach_plugin_has_subscription_block":false,"_hostinger_reach_plugin_is_elementor":false,"_links":{"self":[{"href":"https:\/\/powerofbuilding.net\/fr\/wp-json\/wp\/v2\/pages\/17518","targetHints":{"allow":["GET"]}}],"collection":[{"href":"https:\/\/powerofbuilding.net\/fr\/wp-json\/wp\/v2\/pages"}],"about":[{"href":"https:\/\/powerofbuilding.net\/fr\/wp-json\/wp\/v2\/types\/page"}],"author":[{"embeddable":true,"href":"https:\/\/powerofbuilding.net\/fr\/wp-json\/wp\/v2\/users\/1"}],"replies":[{"embeddable":true,"href":"https:\/\/powerofbuilding.net\/fr\/wp-json\/wp\/v2\/comments?post=17518"}],"version-history":[{"count":61,"href":"https:\/\/powerofbuilding.net\/fr\/wp-json\/wp\/v2\/pages\/17518\/revisions"}],"predecessor-version":[{"id":18219,"href":"https:\/\/powerofbuilding.net\/fr\/wp-json\/wp\/v2\/pages\/17518\/revisions\/18219"}],"wp:attachment":[{"href":"https:\/\/powerofbuilding.net\/fr\/wp-json\/wp\/v2\/media?parent=17518"}],"curies":[{"name":"wp","href":"https:\/\/api.w.org\/{rel}","templated":true}]}}