{"id":17504,"date":"2024-11-13T16:39:57","date_gmt":"2024-11-13T13:39:57","guid":{"rendered":"https:\/\/powerofbuilding.net\/?page_id=17504"},"modified":"2024-11-16T23:22:27","modified_gmt":"2024-11-16T20:22:27","slug":"%d8%b1%d8%a4%d9%8a%d8%aa%d9%86%d8%a7","status":"publish","type":"page","link":"https:\/\/powerofbuilding.net\/fr\/%d8%b1%d8%a4%d9%8a%d8%aa%d9%86%d8%a7\/","title":{"rendered":"Notre vision"},"content":{"rendered":"<div data-elementor-type=\"wp-page\" data-elementor-id=\"17504\" class=\"elementor elementor-17504\" data-elementor-post-type=\"page\">\n\t\t\t\t\t\t<section class=\"elementor-section elementor-top-section elementor-element elementor-element-44fadc2 elementor-section-full_width elementor-section-height-default elementor-section-height-default\" data-id=\"44fadc2\" data-element_type=\"section\" data-e-type=\"section\">\n\t\t\t\t\t\t<div class=\"elementor-container elementor-column-gap-default\">\n\t\t\t\t\t<div class=\"elementor-column elementor-col-100 elementor-top-column elementor-element elementor-element-5f6a085\" data-id=\"5f6a085\" data-element_type=\"column\" data-e-type=\"column\">\n\t\t\t<div class=\"elementor-widget-wrap elementor-element-populated\">\n\t\t\t\t\t\t<section class=\"elementor-section elementor-inner-section elementor-element elementor-element-e6b53ff elementor-section-boxed elementor-section-height-default elementor-section-height-default\" data-id=\"e6b53ff\" data-element_type=\"section\" data-e-type=\"section\">\n\t\t\t\t\t\t<div class=\"elementor-container elementor-column-gap-default\">\n\t\t\t\t\t<div class=\"elementor-column elementor-col-50 elementor-inner-column elementor-element elementor-element-1dd5374\" data-id=\"1dd5374\" data-element_type=\"column\" data-e-type=\"column\">\n\t\t\t<div class=\"elementor-widget-wrap elementor-element-populated\">\n\t\t\t\t\t\t<div class=\"elementor-element elementor-element-9f5968c elementor-widget elementor-widget-buildnox_float_image\" data-id=\"9f5968c\" data-element_type=\"widget\" data-e-type=\"widget\" data-settings=\"{&quot;buildnox_layout_margin&quot;:{&quot;unit&quot;:&quot;px&quot;,&quot;top&quot;:&quot;&quot;,&quot;right&quot;:&quot;&quot;,&quot;bottom&quot;:&quot;&quot;,&quot;left&quot;:&quot;&quot;,&quot;isLinked&quot;:true},&quot;buildnox_layout_margin_tablet&quot;:{&quot;unit&quot;:&quot;px&quot;,&quot;top&quot;:&quot;&quot;,&quot;right&quot;:&quot;&quot;,&quot;bottom&quot;:&quot;&quot;,&quot;left&quot;:&quot;&quot;,&quot;isLinked&quot;:true},&quot;buildnox_layout_margin_mobile&quot;:{&quot;unit&quot;:&quot;px&quot;,&quot;top&quot;:&quot;&quot;,&quot;right&quot;:&quot;&quot;,&quot;bottom&quot;:&quot;&quot;,&quot;left&quot;:&quot;&quot;,&quot;isLinked&quot;:true},&quot;buildnox_layout_padding&quot;:{&quot;unit&quot;:&quot;px&quot;,&quot;top&quot;:&quot;&quot;,&quot;right&quot;:&quot;&quot;,&quot;bottom&quot;:&quot;&quot;,&quot;left&quot;:&quot;&quot;,&quot;isLinked&quot;:true},&quot;buildnox_layout_padding_tablet&quot;:{&quot;unit&quot;:&quot;px&quot;,&quot;top&quot;:&quot;&quot;,&quot;right&quot;:&quot;&quot;,&quot;bottom&quot;:&quot;&quot;,&quot;left&quot;:&quot;&quot;,&quot;isLinked&quot;:true},&quot;buildnox_layout_padding_mobile&quot;:{&quot;unit&quot;:&quot;px&quot;,&quot;top&quot;:&quot;&quot;,&quot;right&quot;:&quot;&quot;,&quot;bottom&quot;:&quot;&quot;,&quot;left&quot;:&quot;&quot;,&quot;isLinked&quot;:true}}\" data-widget_type=\"buildnox_float_image.default\">\n\t\t\t\t<div class=\"elementor-widget-container\">\n\t\t\t\t\t    \t\n    <section class=\"service-style-two p-0 m-0 build-image-section\">\n        <div class=\"image-inner\">\n            <div class=\"bg-layer\" style=\"background-image: url(https:\/\/powerofbuilding.net\/wp-content\/uploads\/2024\/11\/ujuu.png);\"><\/div>\n            <figure class=\"image-box\"><img decoding=\"async\" src=\"https:\/\/powerofbuilding.net\/wp-content\/uploads\/2024\/11\/ujuu.png\" alt=\"Awesome Image\"><\/figure>\n        <\/div>\n    <\/section>\n    \n\t    \t\t\t\t<\/div>\n\t\t\t\t<\/div>\n\t\t\t\t\t<\/div>\n\t\t<\/div>\n\t\t\t\t<div class=\"elementor-column elementor-col-50 elementor-inner-column elementor-element elementor-element-b55a4a6\" data-id=\"b55a4a6\" data-element_type=\"column\" data-e-type=\"column\">\n\t\t\t<div class=\"elementor-widget-wrap elementor-element-populated\">\n\t\t\t\t\t\t<div class=\"elementor-element elementor-element-74c3fbc elementor-widget elementor-widget-buildnox_hero_title\" data-id=\"74c3fbc\" data-element_type=\"widget\" data-e-type=\"widget\" data-widget_type=\"buildnox_hero_title.default\">\n\t\t\t\t<div class=\"elementor-widget-container\">\n\t\t\t\t\t    \r\n        \r\n    <div class=\"build-title-wrap\">\r\n                <h6 class=\"te-bn-subtitle theme-color ff_sec fw_bold tt_u fs_14 ls_1 mb_15\"><span class=\"te-bn-subtitle_line w_30 h_2 theme-bg mr_10 d_iblock v_middle\"><\/span><\/h6>\r\n\t\t\t\t\t\r\n\t\t        <div class=\"main____title\">\r\n\t\t\t<h2 class=\"fw_black fs_45 mb_20 te-bn-title buildnox-size-default\">Notre vision<\/h2>        <\/div>\r\n                \r\n\t\t            \r\n\t\t<p class=\"mb_50 fs_18 te-bn-text\">Devenir un partenaire de confiance dans le secteur du b\u00e2timent et \u00eatre \u00e0 l'avant-garde de la fourniture de solutions de construction ax\u00e9es sur l'innovation, la s\u00e9curit\u00e9 et la durabilit\u00e9. Notre vision est de construire un avenir qui r\u00e9ponde aux aspirations de nos clients et leur offre des espaces qui refl\u00e8tent le confort et la qualit\u00e9.<\/p>\r\n            <\/div>   \r\n    \r\n    \t\t\t\t<\/div>\n\t\t\t\t<\/div>\n\t\t\t\t<div class=\"elementor-element elementor-element-2e36c68 elementor-widget elementor-widget-buildnox_hero_title\" data-id=\"2e36c68\" data-element_type=\"widget\" data-e-type=\"widget\" data-widget_type=\"buildnox_hero_title.default\">\n\t\t\t\t<div class=\"elementor-widget-container\">\n\t\t\t\t\t    \r\n        \r\n    <div class=\"build-title-wrap\">\r\n                <h6 class=\"te-bn-subtitle theme-color ff_sec fw_bold tt_u fs_14 ls_1 mb_15\"><span class=\"te-bn-subtitle_line w_30 h_2 theme-bg mr_10 d_iblock v_middle\"><\/span><\/h6>\r\n\t\t\t\t\t\r\n\t\t        <div class=\"main____title\">\r\n\t\t\t<h2 class=\"fw_black fs_45 mb_20 te-bn-title buildnox-size-default\">Notre mission<\/h2>        <\/div>\r\n                \r\n\t\t            \r\n\t\t<p class=\"mb_50 fs_18 te-bn-text\">Nous r\u00e9alisons des projets de construction int\u00e9gr\u00e9s caract\u00e9ris\u00e9s par la pr\u00e9cision, la qualit\u00e9 et la rapidit\u00e9, en nous engageant fermement \u00e0 r\u00e9pondre aux besoins de nos clients dans le respect du budget et du calendrier. Nous pensons que chaque projet est un v\u00e9ritable partenariat avec le client, et nous nous effor\u00e7ons de garantir les plus hauts niveaux de satisfaction et de r\u00e9ussite \u00e0 chaque \u00e9tape du projet.<\/p>\r\n            <\/div>   \r\n    \r\n    \t\t\t\t<\/div>\n\t\t\t\t<\/div>\n\t\t\t\t\t<\/div>\n\t\t<\/div>\n\t\t\t\t\t<\/div>\n\t\t<\/section>\n\t\t\t\t\t<\/div>\n\t\t<\/div>\n\t\t\t\t\t<\/div>\n\t\t<\/section>\n\t\t\t\t<\/div>","protected":false},"excerpt":{"rendered":"<p>\u0631\u0624\u064a\u062a\u0646\u0627 \u0623\u0646 \u0646\u0635\u0628\u062d \u0627\u0644\u0634\u0631\u064a\u0643 \u0627\u0644\u0645\u0648\u062b\u0648\u0642 \u0628\u0647 \u0641\u064a \u0639\u0627\u0644\u0645 \u0627\u0644\u0628\u0646\u0627\u0621\u060c \u0648\u0623\u0646 \u0646\u0643\u0648\u0646 \u0641\u064a \u0637\u0644\u064a\u0639\u0629 \u0627\u0644\u0634\u0631\u0643\u0627\u062a \u0627\u0644\u062a\u064a \u062a\u0642\u062f\u0645 \u062d\u0644\u0648\u0644\u0627\u064b \u0628\u0646\u0627\u0621\u064b \u062a\u0631\u0643\u0632 \u0639\u0644\u0649 \u0627\u0644\u0627\u0628\u062a\u0643\u0627\u0631\u060c \u0627\u0644\u0623\u0645\u0627\u0646\u060c \u0648\u0627\u0644\u0627\u0633\u062a\u062f\u0627\u0645\u0629. \u0631\u0624\u064a\u062a\u0646\u0627 \u062a\u062a\u0645\u062b\u0644 \u0641\u064a \u0628\u0646\u0627\u0621 \u0645\u0633\u062a\u0642\u0628\u0644 \u064a\u0644\u0628\u064a \u0637\u0645\u0648\u062d\u0627\u062a \u0639\u0645\u0644\u0627\u0626\u0646\u0627 \u0648\u064a\u0648\u0641\u0631 \u0644\u0647\u0645 \u0645\u0633\u0627\u062d\u0627\u062a \u062a\u0639\u0643\u0633 \u0645\u0639\u0627\u064a\u064a\u0631 \u0627\u0644\u0631\u0627\u062d\u0629 \u0648\u0627\u0644\u062c\u0648\u062f\u0629. \u0645\u0647\u0645\u062a\u0646\u0627 \u062a\u0642\u062f\u064a\u0645 \u0645\u0634\u0627\u0631\u064a\u0639 \u0628\u0646\u0627\u0621 \u0645\u062a\u0643\u0627\u0645\u0644\u0629 \u062a\u062a\u0645\u064a\u0632 \u0628\u0627\u0644\u062f\u0642\u0629\u060c \u0627\u0644\u062c\u0648\u062f\u0629\u060c \u0648\u0627\u0644\u0633\u0631\u0639\u0629\u060c \u0645\u0639 \u0627\u0644\u062a\u0632\u0627\u0645 \u0635\u0627\u0631\u0645 \u0628\u062a\u0644\u0628\u064a\u0629 \u0627\u062d\u062a\u064a\u0627\u062c\u0627\u062a \u0639\u0645\u0644\u0627\u0626\u0646\u0627 \u0648\u0641\u0642 \u0627\u0644\u0645\u064a\u0632\u0627\u0646\u064a\u0629 [&hellip;]<\/p>","protected":false},"author":1,"featured_media":0,"parent":0,"menu_order":0,"comment_status":"closed","ping_status":"closed","template":"tpl-default-elementor.php","meta":{"footnotes":""},"class_list":["post-17504","page","type-page","status-publish","hentry"],"_hostinger_reach_plugin_has_subscription_block":false,"_hostinger_reach_plugin_is_elementor":false,"_links":{"self":[{"href":"https:\/\/powerofbuilding.net\/fr\/wp-json\/wp\/v2\/pages\/17504","targetHints":{"allow":["GET"]}}],"collection":[{"href":"https:\/\/powerofbuilding.net\/fr\/wp-json\/wp\/v2\/pages"}],"about":[{"href":"https:\/\/powerofbuilding.net\/fr\/wp-json\/wp\/v2\/types\/page"}],"author":[{"embeddable":true,"href":"https:\/\/powerofbuilding.net\/fr\/wp-json\/wp\/v2\/users\/1"}],"replies":[{"embeddable":true,"href":"https:\/\/powerofbuilding.net\/fr\/wp-json\/wp\/v2\/comments?post=17504"}],"version-history":[{"count":10,"href":"https:\/\/powerofbuilding.net\/fr\/wp-json\/wp\/v2\/pages\/17504\/revisions"}],"predecessor-version":[{"id":17517,"href":"https:\/\/powerofbuilding.net\/fr\/wp-json\/wp\/v2\/pages\/17504\/revisions\/17517"}],"wp:attachment":[{"href":"https:\/\/powerofbuilding.net\/fr\/wp-json\/wp\/v2\/media?parent=17504"}],"curies":[{"name":"wp","href":"https:\/\/api.w.org\/{rel}","templated":true}]}}