{"id":119,"date":"2023-03-29T07:23:12","date_gmt":"2023-03-29T07:23:12","guid":{"rendered":"https:\/\/wp1.themevibrant.com\/newwp\/buildnox2\/?page_id=119"},"modified":"2025-10-19T12:33:30","modified_gmt":"2025-10-19T09:33:30","slug":"about","status":"publish","type":"page","link":"https:\/\/powerofbuilding.net\/fr\/about\/","title":{"rendered":"Qui sommes nous"},"content":{"rendered":"<div data-elementor-type=\"wp-page\" data-elementor-id=\"119\" class=\"elementor elementor-119\" data-elementor-post-type=\"page\">\n\t\t\t\t\t\t<section class=\"elementor-section elementor-top-section elementor-element elementor-element-44fadc2 elementor-section-full_width elementor-section-height-default elementor-section-height-default\" data-id=\"44fadc2\" data-element_type=\"section\" data-e-type=\"section\">\n\t\t\t\t\t\t<div class=\"elementor-container elementor-column-gap-default\">\n\t\t\t\t\t<div class=\"elementor-column elementor-col-100 elementor-top-column elementor-element elementor-element-5f6a085\" data-id=\"5f6a085\" data-element_type=\"column\" data-e-type=\"column\">\n\t\t\t<div class=\"elementor-widget-wrap elementor-element-populated\">\n\t\t\t\t\t\t<section class=\"elementor-section elementor-inner-section elementor-element elementor-element-e6b53ff elementor-section-boxed elementor-section-height-default elementor-section-height-default\" data-id=\"e6b53ff\" data-element_type=\"section\" data-e-type=\"section\">\n\t\t\t\t\t\t<div class=\"elementor-container elementor-column-gap-default\">\n\t\t\t\t\t<div class=\"elementor-column elementor-col-50 elementor-inner-column elementor-element elementor-element-1dd5374\" data-id=\"1dd5374\" data-element_type=\"column\" data-e-type=\"column\">\n\t\t\t<div class=\"elementor-widget-wrap elementor-element-populated\">\n\t\t\t\t\t\t<div class=\"elementor-element elementor-element-9f5968c elementor-widget elementor-widget-buildnox_float_image\" data-id=\"9f5968c\" data-element_type=\"widget\" data-e-type=\"widget\" data-settings=\"{&quot;buildnox_layout_margin&quot;:{&quot;unit&quot;:&quot;px&quot;,&quot;top&quot;:&quot;&quot;,&quot;right&quot;:&quot;&quot;,&quot;bottom&quot;:&quot;&quot;,&quot;left&quot;:&quot;&quot;,&quot;isLinked&quot;:true},&quot;buildnox_layout_margin_tablet&quot;:{&quot;unit&quot;:&quot;px&quot;,&quot;top&quot;:&quot;&quot;,&quot;right&quot;:&quot;&quot;,&quot;bottom&quot;:&quot;&quot;,&quot;left&quot;:&quot;&quot;,&quot;isLinked&quot;:true},&quot;buildnox_layout_margin_mobile&quot;:{&quot;unit&quot;:&quot;px&quot;,&quot;top&quot;:&quot;&quot;,&quot;right&quot;:&quot;&quot;,&quot;bottom&quot;:&quot;&quot;,&quot;left&quot;:&quot;&quot;,&quot;isLinked&quot;:true},&quot;buildnox_layout_padding&quot;:{&quot;unit&quot;:&quot;px&quot;,&quot;top&quot;:&quot;&quot;,&quot;right&quot;:&quot;&quot;,&quot;bottom&quot;:&quot;&quot;,&quot;left&quot;:&quot;&quot;,&quot;isLinked&quot;:true},&quot;buildnox_layout_padding_tablet&quot;:{&quot;unit&quot;:&quot;px&quot;,&quot;top&quot;:&quot;&quot;,&quot;right&quot;:&quot;&quot;,&quot;bottom&quot;:&quot;&quot;,&quot;left&quot;:&quot;&quot;,&quot;isLinked&quot;:true},&quot;buildnox_layout_padding_mobile&quot;:{&quot;unit&quot;:&quot;px&quot;,&quot;top&quot;:&quot;&quot;,&quot;right&quot;:&quot;&quot;,&quot;bottom&quot;:&quot;&quot;,&quot;left&quot;:&quot;&quot;,&quot;isLinked&quot;:true}}\" data-widget_type=\"buildnox_float_image.default\">\n\t\t\t\t<div class=\"elementor-widget-container\">\n\t\t\t\t\t        <div class=\"p_relative build-image-section\">\n                <div class=\"image p_relative d_iblock\" data-parallax='{\"y\": -20}'>\n            <img decoding=\"async\" src=\"https:\/\/powerofbuilding.net\/wp-content\/uploads\/2023\/04\/947783.jpg\" alt=\"Awesome Image\">\n        <\/div>\n                        <div class=\"image p_relative b_40 text-end\" data-parallax='{\"y\": 20}'>\n            <img decoding=\"async\" src=\"https:\/\/powerofbuilding.net\/wp-content\/uploads\/2024\/11\/iio.png\" alt=\"Awesome Image\">\n        <\/div>\n                        <div class=\"experience-year experience-title fs_18 fw_bold ff_sec theme-bg p_absolute l_60 b_110 text-center text-light pt_30 b_radius_50 lh_20\" data-parallax='{\"x\": 20}'><span class=\"fs_60 fw_black mb_25 d_iblock\">4<\/span><br> ans <br> Exp\u00e9rience<\/div>\n            <\/div>\n    \n        \t\t\t\t<\/div>\n\t\t\t\t<\/div>\n\t\t\t\t\t<\/div>\n\t\t<\/div>\n\t\t\t\t<div class=\"elementor-column elementor-col-50 elementor-inner-column elementor-element elementor-element-b55a4a6\" data-id=\"b55a4a6\" data-element_type=\"column\" data-e-type=\"column\">\n\t\t\t<div class=\"elementor-widget-wrap elementor-element-populated\">\n\t\t\t\t\t\t<div class=\"elementor-element elementor-element-74c3fbc elementor-widget elementor-widget-buildnox_hero_title\" data-id=\"74c3fbc\" data-element_type=\"widget\" data-e-type=\"widget\" data-widget_type=\"buildnox_hero_title.default\">\n\t\t\t\t<div class=\"elementor-widget-container\">\n\t\t\t\t\t    \r\n        \r\n    <div class=\"build-title-wrap\">\r\n                <h6 class=\"te-bn-subtitle theme-color ff_sec fw_bold tt_u fs_14 ls_1 mb_15\"><span class=\"te-bn-subtitle_line w_30 h_2 theme-bg mr_10 d_iblock v_middle\"><\/span><\/h6>\r\n\t\t\t\t\t\r\n\t\t        <div class=\"main____title\">\r\n\t\t\t<h2 class=\"fw_black fs_45 mb_20 te-bn-title buildnox-size-default\">A propos de nous<\/h2>        <\/div>\r\n                \r\n\t\t            \r\n\t\t<p class=\"mb_50 fs_18 te-bn-text\">Power of Building a \u00e9t\u00e9 cr\u00e9\u00e9 pour concr\u00e9tiser une vision d'excellence dans le secteur de la construction, en s'effor\u00e7ant d'atteindre un niveau de professionnalisme sans pr\u00e9c\u00e9dent dans l'ex\u00e9cution des projets de construction. Notre \u00e9quipe professionnelle d'ing\u00e9nieurs, de planificateurs et de concepteurs est \u00e0 la base de notre succ\u00e8s. Elle travaille avec diligence et passion pour concr\u00e9tiser notre vision, \u00e0 savoir fournir des solutions int\u00e9gr\u00e9es qui d\u00e9passent les attentes de nos clients et donnent les meilleurs r\u00e9sultats.\n<\/p>\r\n            <\/div>   \r\n    \r\n    \t\t\t\t<\/div>\n\t\t\t\t<\/div>\n\t\t<div class=\"elementor-element elementor-element-f97c84d e-flex e-con-boxed e-con e-parent\" data-id=\"f97c84d\" data-element_type=\"container\" data-e-type=\"container\">\n\t\t\t\t\t<div class=\"e-con-inner\">\n\t\t<div class=\"elementor-element elementor-element-9f54446 e-grid e-con-full e-con e-child\" data-id=\"9f54446\" data-element_type=\"container\" data-e-type=\"container\">\n\t\t\t\t<div class=\"elementor-element elementor-element-01ec87e elementor-widget elementor-widget-heading\" data-id=\"01ec87e\" data-element_type=\"widget\" data-e-type=\"widget\" data-widget_type=\"heading.default\">\n\t\t\t\t<div class=\"elementor-widget-container\">\n\t\t\t\t\t<h2 class=\"elementor-heading-title elementor-size-default\">Adel Brahimi<\/h2>\t\t\t\t<\/div>\n\t\t\t\t<\/div>\n\t\t\t\t<div class=\"elementor-element elementor-element-a366a88 elementor-widget elementor-widget-heading\" data-id=\"a366a88\" data-element_type=\"widget\" data-e-type=\"widget\" data-widget_type=\"heading.default\">\n\t\t\t\t<div class=\"elementor-widget-container\">\n\t\t\t\t\t<h2 class=\"elementor-heading-title elementor-size-default\">Fondateur et directeur de la soci\u00e9t\u00e9<\/h2>\t\t\t\t<\/div>\n\t\t\t\t<\/div>\n\t\t\t\t<\/div>\n\t\t<div class=\"elementor-element elementor-element-98ecef4 e-grid e-con-full e-con e-child\" data-id=\"98ecef4\" data-element_type=\"container\" data-e-type=\"container\">\n\t\t\t\t<div class=\"elementor-element elementor-element-7d97d81 elementor-widget elementor-widget-image\" data-id=\"7d97d81\" data-element_type=\"widget\" data-e-type=\"widget\" data-widget_type=\"image.default\">\n\t\t\t\t<div class=\"elementor-widget-container\">\n\t\t\t\t\t\t\t\t\t\t\t\t\t\t\t<img decoding=\"async\" width=\"304\" height=\"135\" src=\"https:\/\/powerofbuilding.net\/wp-content\/uploads\/2025\/10\/double.png\" class=\"attachment-large size-large wp-image-18235\" alt=\"\" srcset=\"https:\/\/powerofbuilding.net\/wp-content\/uploads\/2025\/10\/double.png 304w, https:\/\/powerofbuilding.net\/wp-content\/uploads\/2025\/10\/double-300x133.png 300w, https:\/\/powerofbuilding.net\/wp-content\/uploads\/2025\/10\/double-18x8.png 18w, https:\/\/powerofbuilding.net\/wp-content\/uploads\/2025\/10\/double-302x135.png 302w\" sizes=\"(max-width: 304px) 100vw, 304px\" \/>\t\t\t\t\t\t\t\t\t\t\t\t\t\t\t<\/div>\n\t\t\t\t<\/div>\n\t\t\t\t<\/div>\n\t\t\t\t\t<\/div>\n\t\t\t\t<\/div>\n\t\t\t\t\t<\/div>\n\t\t<\/div>\n\t\t\t\t\t<\/div>\n\t\t<\/section>\n\t\t\t\t\t<\/div>\n\t\t<\/div>\n\t\t\t\t\t<\/div>\n\t\t<\/section>\n\t\t\t\t<section class=\"elementor-section elementor-top-section elementor-element elementor-element-4827fe6 elementor-section-full_width elementor-section-height-default elementor-section-height-default\" data-id=\"4827fe6\" data-element_type=\"section\" data-e-type=\"section\" data-settings=\"{&quot;background_background&quot;:&quot;classic&quot;}\">\n\t\t\t\t\t\t<div class=\"elementor-container elementor-column-gap-default\">\n\t\t\t\t\t<div class=\"elementor-column elementor-col-100 elementor-top-column elementor-element elementor-element-63d0120\" data-id=\"63d0120\" data-element_type=\"column\" data-e-type=\"column\">\n\t\t\t<div class=\"elementor-widget-wrap elementor-element-populated\">\n\t\t\t\t\t\t<section class=\"elementor-section elementor-inner-section elementor-element elementor-element-732c26b elementor-section-boxed elementor-section-height-default elementor-section-height-default\" data-id=\"732c26b\" data-element_type=\"section\" data-e-type=\"section\">\n\t\t\t\t\t\t<div class=\"elementor-container elementor-column-gap-default\">\n\t\t\t\t\t<div class=\"elementor-column elementor-col-50 elementor-inner-column elementor-element elementor-element-e09cdde\" data-id=\"e09cdde\" data-element_type=\"column\" data-e-type=\"column\">\n\t\t\t<div class=\"elementor-widget-wrap elementor-element-populated\">\n\t\t\t\t\t\t<div class=\"elementor-element elementor-element-a1fe9b2 elementor-widget elementor-widget-buildnox_hero_title\" data-id=\"a1fe9b2\" data-element_type=\"widget\" data-e-type=\"widget\" data-widget_type=\"buildnox_hero_title.default\">\n\t\t\t\t<div class=\"elementor-widget-container\">\n\t\t\t\t\t    \r\n        \r\n    <div class=\"build-title-wrap\">\r\n                <h6 class=\"te-bn-subtitle theme-color ff_sec fw_bold tt_u fs_14 ls_1 mb_15\"><span class=\"te-bn-subtitle_line w_30 h_2 theme-bg mr_10 d_iblock v_middle\"><\/span><\/h6>\r\n\t\t\t\t\t\r\n\t\t        <div class=\"main____title\">\r\n\t\t\t<h2 class=\"fw_black fs_45 mb_20 te-bn-title buildnox-size-default\">A propos de nous<\/h2>        <\/div>\r\n                \r\n\t\t            \r\n\t\t<p class=\"mb_50 fs_18 te-bn-text\">Nous accordons une attention particuli\u00e8re aux moindres d\u00e9tails, que ce soit dans la phase de conception, de mise en \u0153uvre ou de suivi, afin de garantir la qualit\u00e9 et la s\u00e9curit\u00e9 \u00e0 chaque \u00e9tape. Nous fournissons des services int\u00e9gr\u00e9s qui comprennent les grands travaux de construction et les travaux finaux (CES), en utilisant les derni\u00e8res technologies et les m\u00e9thodes de construction modernes pour atteindre la pr\u00e9cision et l'efficacit\u00e9 dans la mise en \u0153uvre.<\/p>\r\n            <\/div>   \r\n    \r\n    \t\t\t\t<\/div>\n\t\t\t\t<\/div>\n\t\t\t\t\t<\/div>\n\t\t<\/div>\n\t\t\t\t<div class=\"elementor-column elementor-col-50 elementor-inner-column elementor-element elementor-element-9aa86e9\" data-id=\"9aa86e9\" data-element_type=\"column\" data-e-type=\"column\">\n\t\t\t<div class=\"elementor-widget-wrap elementor-element-populated\">\n\t\t\t\t\t\t<div class=\"elementor-element elementor-element-00dfdec elementor-position-inline-start elementor-widget__width-initial elementor-view-default elementor-mobile-position-block-start elementor-widget elementor-widget-icon-box\" data-id=\"00dfdec\" data-element_type=\"widget\" data-e-type=\"widget\" data-widget_type=\"icon-box.default\">\n\t\t\t\t<div class=\"elementor-widget-container\">\n\t\t\t\t\t\t\t<div class=\"elementor-icon-box-wrapper\">\n\n\t\t\t\t\t\t<div class=\"elementor-icon-box-icon\">\n\t\t\t\t<span  class=\"elementor-icon\">\n\t\t\t\t<i aria-hidden=\"true\" class=\"flaticon flaticon-worker\"><\/i>\t\t\t\t<\/span>\n\t\t\t<\/div>\n\t\t\t\n\t\t\t\t\t\t<div class=\"elementor-icon-box-content\">\n\n\t\t\t\t\t\t\t\t\t<h3 class=\"elementor-icon-box-title\">\n\t\t\t\t\t\t<span  >\n\t\t\t\t\t\t\t50\t\t\t\t\t\t<\/span>\n\t\t\t\t\t<\/h3>\n\t\t\t\t\n\t\t\t\t\t\t\t\t\t<p class=\"elementor-icon-box-description\">\n\t\t\t\t\t\tTravailleur\t\t\t\t\t<\/p>\n\t\t\t\t\n\t\t\t<\/div>\n\t\t\t\n\t\t<\/div>\n\t\t\t\t\t\t<\/div>\n\t\t\t\t<\/div>\n\t\t\t\t<div class=\"elementor-element elementor-element-ba77d77 elementor-position-inline-start elementor-widget__width-initial elementor-view-default elementor-mobile-position-block-start elementor-widget elementor-widget-icon-box\" data-id=\"ba77d77\" data-element_type=\"widget\" data-e-type=\"widget\" data-widget_type=\"icon-box.default\">\n\t\t\t\t<div class=\"elementor-widget-container\">\n\t\t\t\t\t\t\t<div class=\"elementor-icon-box-wrapper\">\n\n\t\t\t\t\t\t<div class=\"elementor-icon-box-icon\">\n\t\t\t\t<span  class=\"elementor-icon\">\n\t\t\t\t<i aria-hidden=\"true\" class=\"flaticon flaticon-building\"><\/i>\t\t\t\t<\/span>\n\t\t\t<\/div>\n\t\t\t\n\t\t\t\t\t\t<div class=\"elementor-icon-box-content\">\n\n\t\t\t\t\t\t\t\t\t<h3 class=\"elementor-icon-box-title\">\n\t\t\t\t\t\t<span  >\n\t\t\t\t\t\t\t13\t\t\t\t\t\t<\/span>\n\t\t\t\t\t<\/h3>\n\t\t\t\t\n\t\t\t\t\t\t\t\t\t<p class=\"elementor-icon-box-description\">\n\t\t\t\t\t\tProjets\t\t\t\t\t<\/p>\n\t\t\t\t\n\t\t\t<\/div>\n\t\t\t\n\t\t<\/div>\n\t\t\t\t\t\t<\/div>\n\t\t\t\t<\/div>\n\t\t\t\t\t<\/div>\n\t\t<\/div>\n\t\t\t\t\t<\/div>\n\t\t<\/section>\n\t\t\t\t\t<\/div>\n\t\t<\/div>\n\t\t\t\t\t<\/div>\n\t\t<\/section>\n\t\t\t\t<\/div>","protected":false},"excerpt":{"rendered":"<p>4 \u0633\u0646\u0648\u0627\u062a \u062e\u0628\u0631\u0629 \u0646\u0628\u0630\u0629 \u0639\u0646\u0627 \u062a\u0623\u0633\u0633\u062a Power of Building \u0644\u062a\u062d\u0642\u064a\u0642 \u0631\u0624\u064a\u0629 \u0645\u062a\u0645\u064a\u0632\u0629 \u0641\u064a \u0642\u0637\u0627\u0639 \u0627\u0644\u0628\u0646\u0627\u0621 \u0648\u0627\u0644\u062a\u0634\u064a\u064a\u062f\u060c \u062d\u064a\u062b \u0646\u0633\u0639\u0649 \u0625\u0644\u0649 \u062a\u0642\u062f\u064a\u0645 \u0645\u0633\u062a\u0648\u0649 \u063a\u064a\u0631 \u0645\u0633\u0628\u0648\u0642 \u0645\u0646 \u0627\u0644\u0627\u062d\u062a\u0631\u0627\u0641\u064a\u0629 \u0641\u064a \u062a\u0646\u0641\u064a\u0630 \u0645\u0634\u0627\u0631\u064a\u0639 \u0627\u0644\u0628\u0646\u0627\u0621. \u064a\u0634\u0643\u0644 \u0641\u0631\u064a\u0642\u0646\u0627 \u0627\u0644\u0645\u062d\u062a\u0631\u0641 \u0648\u0627\u0644\u0645\u062a\u062e\u0635\u0635 \u0641\u064a \u0627\u0644\u0647\u0646\u062f\u0633\u0629\u060c \u0627\u0644\u062a\u062e\u0637\u064a\u0637\u060c \u0648\u0627\u0644\u062a\u0635\u0645\u064a\u0645 \u0623\u0633\u0627\u0633 \u0646\u062c\u0627\u062d\u0646\u0627\u060c \u0625\u0630 \u064a\u0639\u0645\u0644 \u0628\u062c\u062f \u0648\u0634\u063a\u0641 \u0644\u062a\u062d\u0642\u064a\u0642 \u0631\u0624\u064a\u062a\u0646\u0627 \u0641\u064a \u062a\u0642\u062f\u064a\u0645 \u062d\u0644\u0648\u0644 \u0645\u062a\u0643\u0627\u0645\u0644\u0629 \u062a\u062a\u062c\u0627\u0648\u0632 \u062a\u0648\u0642\u0639\u0627\u062a \u0639\u0645\u0644\u0627\u0626\u0646\u0627 \u0648\u062a\u062d\u0642\u0642 \u0644\u0647\u0645 \u0623\u0641\u0636\u0644 [&hellip;]<\/p>","protected":false},"author":1,"featured_media":0,"parent":0,"menu_order":0,"comment_status":"closed","ping_status":"closed","template":"tpl-default-elementor.php","meta":{"footnotes":""},"class_list":["post-119","page","type-page","status-publish","hentry"],"_hostinger_reach_plugin_has_subscription_block":false,"_hostinger_reach_plugin_is_elementor":false,"_links":{"self":[{"href":"https:\/\/powerofbuilding.net\/fr\/wp-json\/wp\/v2\/pages\/119","targetHints":{"allow":["GET"]}}],"collection":[{"href":"https:\/\/powerofbuilding.net\/fr\/wp-json\/wp\/v2\/pages"}],"about":[{"href":"https:\/\/powerofbuilding.net\/fr\/wp-json\/wp\/v2\/types\/page"}],"author":[{"embeddable":true,"href":"https:\/\/powerofbuilding.net\/fr\/wp-json\/wp\/v2\/users\/1"}],"replies":[{"embeddable":true,"href":"https:\/\/powerofbuilding.net\/fr\/wp-json\/wp\/v2\/comments?post=119"}],"version-history":[{"count":95,"href":"https:\/\/powerofbuilding.net\/fr\/wp-json\/wp\/v2\/pages\/119\/revisions"}],"predecessor-version":[{"id":18241,"href":"https:\/\/powerofbuilding.net\/fr\/wp-json\/wp\/v2\/pages\/119\/revisions\/18241"}],"wp:attachment":[{"href":"https:\/\/powerofbuilding.net\/fr\/wp-json\/wp\/v2\/media?parent=119"}],"curies":[{"name":"wp","href":"https:\/\/api.w.org\/{rel}","templated":true}]}}